{"id":3920,"date":"2026-03-31T11:01:18","date_gmt":"2026-03-31T14:01:18","guid":{"rendered":"https:\/\/ortopediagorgo.com.ar\/?post_type=product&#038;p=3920"},"modified":"2026-03-31T11:10:42","modified_gmt":"2026-03-31T14:10:42","slug":"pelota-estimulacion","status":"publish","type":"product","link":"https:\/\/ortopediagorgo.com.ar\/?product=pelota-estimulacion","title":{"rendered":"Pelotita de estimulaci\u00f3n con pinches"},"content":{"rendered":"","protected":false},"excerpt":{"rendered":"<p>Su textura permite a los usuarios completar una variedad de movimientos para fortalecer el agarre, aumentar la destreza y la movilidad.<\/p>\n<p><strong>Indicaciones:<\/strong><\/p>\n<p>Accesorio para ejercitar las articulaciones y falange de la mano. Contribuye a fortalecer y rehabilitar la musculatura de la mu\u00f1eca y antebrazo. Mantiene en dinamismo los grupos musculares. Rehabilitaci\u00f3n. Anti-estr\u00e9s.<\/p>\n<p>Es tambi\u00e9n ideal para trabajos sensoriales en muchas zonas del cuerpo.<\/p>\n<p>Se puede llevar f\u00e1cilmente y usar en cualquier parte. Es excelente para realizar ejercicios en el hogar.<\/p>\n","protected":false},"featured_media":3921,"comment_status":"open","ping_status":"closed","template":"","meta":{"_monsterinsights_skip_tracking":false,"_monsterinsights_sitenote_active":false,"_monsterinsights_sitenote_note":"","_monsterinsights_sitenote_category":0},"product_brand":[],"product_cat":[135],"product_tag":[],"class_list":{"0":"post-3920","1":"product","2":"type-product","3":"status-publish","4":"has-post-thumbnail","6":"product_cat-fisiorterapia-ejercicio-recuperacion","8":"first","9":"instock","10":"shipping-taxable","11":"product-type-simple"},"_links":{"self":[{"href":"https:\/\/ortopediagorgo.com.ar\/index.php?rest_route=\/wp\/v2\/product\/3920","targetHints":{"allow":["GET"]}}],"collection":[{"href":"https:\/\/ortopediagorgo.com.ar\/index.php?rest_route=\/wp\/v2\/product"}],"about":[{"href":"https:\/\/ortopediagorgo.com.ar\/index.php?rest_route=\/wp\/v2\/types\/product"}],"replies":[{"embeddable":true,"href":"https:\/\/ortopediagorgo.com.ar\/index.php?rest_route=%2Fwp%2Fv2%2Fcomments&post=3920"}],"version-history":[{"count":2,"href":"https:\/\/ortopediagorgo.com.ar\/index.php?rest_route=\/wp\/v2\/product\/3920\/revisions"}],"predecessor-version":[{"id":3925,"href":"https:\/\/ortopediagorgo.com.ar\/index.php?rest_route=\/wp\/v2\/product\/3920\/revisions\/3925"}],"wp:featuredmedia":[{"embeddable":true,"href":"https:\/\/ortopediagorgo.com.ar\/index.php?rest_route=\/wp\/v2\/media\/3921"}],"wp:attachment":[{"href":"https:\/\/ortopediagorgo.com.ar\/index.php?rest_route=%2Fwp%2Fv2%2Fmedia&parent=3920"}],"wp:term":[{"taxonomy":"product_brand","embeddable":true,"href":"https:\/\/ortopediagorgo.com.ar\/index.php?rest_route=%2Fwp%2Fv2%2Fproduct_brand&post=3920"},{"taxonomy":"product_cat","embeddable":true,"href":"https:\/\/ortopediagorgo.com.ar\/index.php?rest_route=%2Fwp%2Fv2%2Fproduct_cat&post=3920"},{"taxonomy":"product_tag","embeddable":true,"href":"https:\/\/ortopediagorgo.com.ar\/index.php?rest_route=%2Fwp%2Fv2%2Fproduct_tag&post=3920"}],"curies":[{"name":"wp","href":"https:\/\/api.w.org\/{rel}","templated":true}]}}