{"id":3934,"date":"2026-03-31T11:34:58","date_gmt":"2026-03-31T14:34:58","guid":{"rendered":"https:\/\/ortopediagorgo.com.ar\/?post_type=product&#038;p=3934"},"modified":"2026-03-31T11:35:32","modified_gmt":"2026-03-31T14:35:32","slug":"capsula-masajeadora-con-gel","status":"publish","type":"product","link":"https:\/\/ortopediagorgo.com.ar\/?product=capsula-masajeadora-con-gel","title":{"rendered":"Capsula masajeadora con gel"},"content":{"rendered":"","protected":false},"excerpt":{"rendered":"<p>Brinda un alivio inmediato a trav\u00e9s del masaje en m\u00fasculos doloridos gracias a sus cientos de n\u00f3dulos sensoriales, ayudando al cuerpo a generar una mejor circulaci\u00f3n sangu\u00ednea. Puede ser refrigerada o mojada con agua caliente Aplicaciones: pilates, gimnasia en general, fitness, rehabilitaci\u00f3n, fisioterapia<\/p>\n","protected":false},"featured_media":3936,"comment_status":"open","ping_status":"closed","template":"","meta":{"_monsterinsights_skip_tracking":false,"_monsterinsights_sitenote_active":false,"_monsterinsights_sitenote_note":"","_monsterinsights_sitenote_category":0},"product_brand":[],"product_cat":[135],"product_tag":[],"class_list":{"0":"post-3934","1":"product","2":"type-product","3":"status-publish","4":"has-post-thumbnail","6":"product_cat-fisiorterapia-ejercicio-recuperacion","8":"first","9":"instock","10":"shipping-taxable","11":"product-type-simple"},"_links":{"self":[{"href":"https:\/\/ortopediagorgo.com.ar\/index.php?rest_route=\/wp\/v2\/product\/3934","targetHints":{"allow":["GET"]}}],"collection":[{"href":"https:\/\/ortopediagorgo.com.ar\/index.php?rest_route=\/wp\/v2\/product"}],"about":[{"href":"https:\/\/ortopediagorgo.com.ar\/index.php?rest_route=\/wp\/v2\/types\/product"}],"replies":[{"embeddable":true,"href":"https:\/\/ortopediagorgo.com.ar\/index.php?rest_route=%2Fwp%2Fv2%2Fcomments&post=3934"}],"version-history":[{"count":1,"href":"https:\/\/ortopediagorgo.com.ar\/index.php?rest_route=\/wp\/v2\/product\/3934\/revisions"}],"predecessor-version":[{"id":3937,"href":"https:\/\/ortopediagorgo.com.ar\/index.php?rest_route=\/wp\/v2\/product\/3934\/revisions\/3937"}],"wp:featuredmedia":[{"embeddable":true,"href":"https:\/\/ortopediagorgo.com.ar\/index.php?rest_route=\/wp\/v2\/media\/3936"}],"wp:attachment":[{"href":"https:\/\/ortopediagorgo.com.ar\/index.php?rest_route=%2Fwp%2Fv2%2Fmedia&parent=3934"}],"wp:term":[{"taxonomy":"product_brand","embeddable":true,"href":"https:\/\/ortopediagorgo.com.ar\/index.php?rest_route=%2Fwp%2Fv2%2Fproduct_brand&post=3934"},{"taxonomy":"product_cat","embeddable":true,"href":"https:\/\/ortopediagorgo.com.ar\/index.php?rest_route=%2Fwp%2Fv2%2Fproduct_cat&post=3934"},{"taxonomy":"product_tag","embeddable":true,"href":"https:\/\/ortopediagorgo.com.ar\/index.php?rest_route=%2Fwp%2Fv2%2Fproduct_tag&post=3934"}],"curies":[{"name":"wp","href":"https:\/\/api.w.org\/{rel}","templated":true}]}}