{"id":3938,"date":"2026-03-31T11:42:49","date_gmt":"2026-03-31T14:42:49","guid":{"rendered":"https:\/\/ortopediagorgo.com.ar\/?post_type=product&#038;p=3938"},"modified":"2026-03-31T11:42:49","modified_gmt":"2026-03-31T14:42:49","slug":"pelotas-estimulacion-kit-x3","status":"publish","type":"product","link":"https:\/\/ortopediagorgo.com.ar\/?product=pelotas-estimulacion-kit-x3","title":{"rendered":"Pelotas Estimulaci\u00f3n Kit x3"},"content":{"rendered":"","protected":false},"excerpt":{"rendered":"<p>Este conjunto incluye 3 pelotas de estimulaci\u00f3n TSP, con suaves rugosidades que son \u00fatiles para mejorar las habilidades motoras gruesas y la fuerza de los miembros superiores. Son ideales para masajes, ejercicios de propiocepci\u00f3n y drenaje linf\u00e1tico. Ayudan a mejorar la circulaci\u00f3n y a eliminar la fatiga muscular. Est\u00e1n fabricadas en PVC de alta calidad. La marca es TSP y tienen un di\u00e1metro de 8 cm.<\/p>\n<p><strong>Cada pelota tiene una intensidad diferente:<\/strong> la amarilla es de baja intensidad, la roja es de intensidad media y la azul es de alta intensidad.<\/p>\n","protected":false},"featured_media":3939,"comment_status":"open","ping_status":"closed","template":"","meta":{"_monsterinsights_skip_tracking":false,"_monsterinsights_sitenote_active":false,"_monsterinsights_sitenote_note":"","_monsterinsights_sitenote_category":0},"product_brand":[],"product_cat":[135],"product_tag":[],"class_list":{"0":"post-3938","1":"product","2":"type-product","3":"status-publish","4":"has-post-thumbnail","6":"product_cat-fisiorterapia-ejercicio-recuperacion","8":"first","9":"instock","10":"shipping-taxable","11":"product-type-simple"},"_links":{"self":[{"href":"https:\/\/ortopediagorgo.com.ar\/index.php?rest_route=\/wp\/v2\/product\/3938","targetHints":{"allow":["GET"]}}],"collection":[{"href":"https:\/\/ortopediagorgo.com.ar\/index.php?rest_route=\/wp\/v2\/product"}],"about":[{"href":"https:\/\/ortopediagorgo.com.ar\/index.php?rest_route=\/wp\/v2\/types\/product"}],"replies":[{"embeddable":true,"href":"https:\/\/ortopediagorgo.com.ar\/index.php?rest_route=%2Fwp%2Fv2%2Fcomments&post=3938"}],"version-history":[{"count":1,"href":"https:\/\/ortopediagorgo.com.ar\/index.php?rest_route=\/wp\/v2\/product\/3938\/revisions"}],"predecessor-version":[{"id":3941,"href":"https:\/\/ortopediagorgo.com.ar\/index.php?rest_route=\/wp\/v2\/product\/3938\/revisions\/3941"}],"wp:featuredmedia":[{"embeddable":true,"href":"https:\/\/ortopediagorgo.com.ar\/index.php?rest_route=\/wp\/v2\/media\/3939"}],"wp:attachment":[{"href":"https:\/\/ortopediagorgo.com.ar\/index.php?rest_route=%2Fwp%2Fv2%2Fmedia&parent=3938"}],"wp:term":[{"taxonomy":"product_brand","embeddable":true,"href":"https:\/\/ortopediagorgo.com.ar\/index.php?rest_route=%2Fwp%2Fv2%2Fproduct_brand&post=3938"},{"taxonomy":"product_cat","embeddable":true,"href":"https:\/\/ortopediagorgo.com.ar\/index.php?rest_route=%2Fwp%2Fv2%2Fproduct_cat&post=3938"},{"taxonomy":"product_tag","embeddable":true,"href":"https:\/\/ortopediagorgo.com.ar\/index.php?rest_route=%2Fwp%2Fv2%2Fproduct_tag&post=3938"}],"curies":[{"name":"wp","href":"https:\/\/api.w.org\/{rel}","templated":true}]}}