{"id":3942,"date":"2026-03-31T11:48:32","date_gmt":"2026-03-31T14:48:32","guid":{"rendered":"https:\/\/ortopediagorgo.com.ar\/?post_type=product&#038;p=3942"},"modified":"2026-03-31T11:48:32","modified_gmt":"2026-03-31T14:48:32","slug":"banda-elastica-circular-kit-x4","status":"publish","type":"product","link":"https:\/\/ortopediagorgo.com.ar\/?product=banda-elastica-circular-kit-x4","title":{"rendered":"Banda el\u00e1stica circular Kit x4"},"content":{"rendered":"","protected":false},"excerpt":{"rendered":"<p><strong>Ideales para acompa\u00f1ar procesos de recuperaci\u00f3n, entrenamiento suave o mantenimiento f\u00edsico<\/strong>, las bandas el\u00e1sticas ofrecen una resistencia progresiva que se adapta a cada etapa. Livianas, vers\u00e1tiles y seguras, permiten trabajar fuerza, flexibilidad y movilidad sin impacto articular. Disponibles en distintos niveles de tensi\u00f3n, <strong>son aptas para uso dom\u00e9stico o profesional<\/strong>. Reforz\u00e1 tu independencia, paso a paso y a tu ritmo.<\/p>\n","protected":false},"featured_media":3943,"comment_status":"open","ping_status":"closed","template":"","meta":{"_monsterinsights_skip_tracking":false,"_monsterinsights_sitenote_active":false,"_monsterinsights_sitenote_note":"","_monsterinsights_sitenote_category":0},"product_brand":[],"product_cat":[135],"product_tag":[],"class_list":{"0":"post-3942","1":"product","2":"type-product","3":"status-publish","4":"has-post-thumbnail","6":"product_cat-fisiorterapia-ejercicio-recuperacion","8":"first","9":"instock","10":"shipping-taxable","11":"product-type-simple"},"_links":{"self":[{"href":"https:\/\/ortopediagorgo.com.ar\/index.php?rest_route=\/wp\/v2\/product\/3942","targetHints":{"allow":["GET"]}}],"collection":[{"href":"https:\/\/ortopediagorgo.com.ar\/index.php?rest_route=\/wp\/v2\/product"}],"about":[{"href":"https:\/\/ortopediagorgo.com.ar\/index.php?rest_route=\/wp\/v2\/types\/product"}],"replies":[{"embeddable":true,"href":"https:\/\/ortopediagorgo.com.ar\/index.php?rest_route=%2Fwp%2Fv2%2Fcomments&post=3942"}],"version-history":[{"count":1,"href":"https:\/\/ortopediagorgo.com.ar\/index.php?rest_route=\/wp\/v2\/product\/3942\/revisions"}],"predecessor-version":[{"id":3945,"href":"https:\/\/ortopediagorgo.com.ar\/index.php?rest_route=\/wp\/v2\/product\/3942\/revisions\/3945"}],"wp:featuredmedia":[{"embeddable":true,"href":"https:\/\/ortopediagorgo.com.ar\/index.php?rest_route=\/wp\/v2\/media\/3943"}],"wp:attachment":[{"href":"https:\/\/ortopediagorgo.com.ar\/index.php?rest_route=%2Fwp%2Fv2%2Fmedia&parent=3942"}],"wp:term":[{"taxonomy":"product_brand","embeddable":true,"href":"https:\/\/ortopediagorgo.com.ar\/index.php?rest_route=%2Fwp%2Fv2%2Fproduct_brand&post=3942"},{"taxonomy":"product_cat","embeddable":true,"href":"https:\/\/ortopediagorgo.com.ar\/index.php?rest_route=%2Fwp%2Fv2%2Fproduct_cat&post=3942"},{"taxonomy":"product_tag","embeddable":true,"href":"https:\/\/ortopediagorgo.com.ar\/index.php?rest_route=%2Fwp%2Fv2%2Fproduct_tag&post=3942"}],"curies":[{"name":"wp","href":"https:\/\/api.w.org\/{rel}","templated":true}]}}