{"id":3953,"date":"2026-04-08T15:03:49","date_gmt":"2026-04-08T18:03:49","guid":{"rendered":"https:\/\/ortopediagorgo.com.ar\/?post_type=product&#038;p=3953"},"modified":"2026-04-08T15:06:17","modified_gmt":"2026-04-08T18:06:17","slug":"almohadon-roho-neoprene-celdillas","status":"publish","type":"product","link":"https:\/\/ortopediagorgo.com.ar\/?product=almohadon-roho-neoprene-celdillas","title":{"rendered":"Almohadon ROHO neoprene celdillas"},"content":{"rendered":"<p>Almohad\u00f3n de sistema de flotaci\u00f3n seca confeccionado en neoprene con celdas<br \/>\nde aire interconectadas a trav\u00e9s de su base.<br \/>\n\u2022 Cuenta con una sola v\u00e1lvula de inflado de lat\u00f3n niquelado.<br \/>\n\u2022 Celdas en perfil alto\/bajo de 10 cm, o 5 cm.<br \/>\n\u2022 Material totalmente anat\u00f3mico, liviano, lavable, reparable y anti-inflamable.<br \/>\n\u2022 Funda protectora antimic\u00f3tica.<br \/>\n\u2022 Libre de l\u00e1tex.<br \/>\n\u2022 Incluye inflador, manual y que no presenta l\u00edmite de peso.<\/p>\n","protected":false},"excerpt":{"rendered":"<p>Almohad\u00f3n con celdas de aire interconectadas, confeccionado en neoprene, con cobertor lavable e inflador. Dise\u00f1ado para pacientes con buen equilibrio, que poseen una postura sim\u00e9trica.<\/p>\n<h4>Disponible en dos opciones<\/h4>\n<ul>\n<li>Perfil bajo de 5 cm para pacientes sin antecedentes de escaras.<\/li>\n<li>Perfil alto de 10 cm para pacientes con antecedentes.<\/li>\n<\/ul>\n","protected":false},"featured_media":3954,"comment_status":"open","ping_status":"closed","template":"","meta":{"_monsterinsights_skip_tracking":false,"_monsterinsights_sitenote_active":false,"_monsterinsights_sitenote_note":"","_monsterinsights_sitenote_category":0},"product_brand":[],"product_cat":[290],"product_tag":[],"class_list":{"0":"post-3953","1":"product","2":"type-product","3":"status-publish","4":"has-post-thumbnail","6":"product_cat-almohadones","8":"first","9":"instock","10":"shipping-taxable","11":"product-type-simple"},"_links":{"self":[{"href":"https:\/\/ortopediagorgo.com.ar\/index.php?rest_route=\/wp\/v2\/product\/3953","targetHints":{"allow":["GET"]}}],"collection":[{"href":"https:\/\/ortopediagorgo.com.ar\/index.php?rest_route=\/wp\/v2\/product"}],"about":[{"href":"https:\/\/ortopediagorgo.com.ar\/index.php?rest_route=\/wp\/v2\/types\/product"}],"replies":[{"embeddable":true,"href":"https:\/\/ortopediagorgo.com.ar\/index.php?rest_route=%2Fwp%2Fv2%2Fcomments&post=3953"}],"version-history":[{"count":3,"href":"https:\/\/ortopediagorgo.com.ar\/index.php?rest_route=\/wp\/v2\/product\/3953\/revisions"}],"predecessor-version":[{"id":3958,"href":"https:\/\/ortopediagorgo.com.ar\/index.php?rest_route=\/wp\/v2\/product\/3953\/revisions\/3958"}],"wp:featuredmedia":[{"embeddable":true,"href":"https:\/\/ortopediagorgo.com.ar\/index.php?rest_route=\/wp\/v2\/media\/3954"}],"wp:attachment":[{"href":"https:\/\/ortopediagorgo.com.ar\/index.php?rest_route=%2Fwp%2Fv2%2Fmedia&parent=3953"}],"wp:term":[{"taxonomy":"product_brand","embeddable":true,"href":"https:\/\/ortopediagorgo.com.ar\/index.php?rest_route=%2Fwp%2Fv2%2Fproduct_brand&post=3953"},{"taxonomy":"product_cat","embeddable":true,"href":"https:\/\/ortopediagorgo.com.ar\/index.php?rest_route=%2Fwp%2Fv2%2Fproduct_cat&post=3953"},{"taxonomy":"product_tag","embeddable":true,"href":"https:\/\/ortopediagorgo.com.ar\/index.php?rest_route=%2Fwp%2Fv2%2Fproduct_tag&post=3953"}],"curies":[{"name":"wp","href":"https:\/\/api.w.org\/{rel}","templated":true}]}}