{"id":4059,"date":"2026-04-13T14:11:31","date_gmt":"2026-04-13T17:11:31","guid":{"rendered":"https:\/\/ortopediagorgo.com.ar\/?post_type=product&#038;p=4059"},"modified":"2026-04-13T14:11:31","modified_gmt":"2026-04-13T17:11:31","slug":"baston-cuadruple-base-chica","status":"publish","type":"product","link":"https:\/\/ortopediagorgo.com.ar\/?product=baston-cuadruple-base-chica","title":{"rendered":"Bast\u00f3n cu\u00e1druple base chica"},"content":{"rendered":"<p>Brinda mayor estabilidad y seguridad al caminar con este bast\u00f3n cu\u00e1druple de aluminio, ideal para personas que necesitan un apoyo firme y confiable en su vida diaria. Su base de cuatro apoyos ofrece mayor equilibrio en comparaci\u00f3n con un bast\u00f3n tradicional, proporcionando estabilidad adicional en cada paso.<\/p>\n","protected":false},"excerpt":{"rendered":"<p>Soporta hasta 80 kg<br \/>\nFabricado en aluminio resistente y liviano<br \/>\nAltura regulable hasta 94 cm<br \/>\nMango pl\u00e1stico ergon\u00f3mico<br \/>\nBase chica pl\u00e1stica de 15,5 x 11 cm<br \/>\nCuatro regatones de PVC negros antideslizantes<\/p>\n","protected":false},"featured_media":4060,"comment_status":"open","ping_status":"closed","template":"","meta":{"_monsterinsights_skip_tracking":false,"_monsterinsights_sitenote_active":false,"_monsterinsights_sitenote_note":"","_monsterinsights_sitenote_category":0},"product_brand":[],"product_cat":[34],"product_tag":[],"class_list":{"0":"post-4059","1":"product","2":"type-product","3":"status-publish","4":"has-post-thumbnail","6":"product_cat-andadores","8":"first","9":"instock","10":"shipping-taxable","11":"product-type-simple"},"_links":{"self":[{"href":"https:\/\/ortopediagorgo.com.ar\/index.php?rest_route=\/wp\/v2\/product\/4059","targetHints":{"allow":["GET"]}}],"collection":[{"href":"https:\/\/ortopediagorgo.com.ar\/index.php?rest_route=\/wp\/v2\/product"}],"about":[{"href":"https:\/\/ortopediagorgo.com.ar\/index.php?rest_route=\/wp\/v2\/types\/product"}],"replies":[{"embeddable":true,"href":"https:\/\/ortopediagorgo.com.ar\/index.php?rest_route=%2Fwp%2Fv2%2Fcomments&post=4059"}],"version-history":[{"count":1,"href":"https:\/\/ortopediagorgo.com.ar\/index.php?rest_route=\/wp\/v2\/product\/4059\/revisions"}],"predecessor-version":[{"id":4062,"href":"https:\/\/ortopediagorgo.com.ar\/index.php?rest_route=\/wp\/v2\/product\/4059\/revisions\/4062"}],"wp:featuredmedia":[{"embeddable":true,"href":"https:\/\/ortopediagorgo.com.ar\/index.php?rest_route=\/wp\/v2\/media\/4060"}],"wp:attachment":[{"href":"https:\/\/ortopediagorgo.com.ar\/index.php?rest_route=%2Fwp%2Fv2%2Fmedia&parent=4059"}],"wp:term":[{"taxonomy":"product_brand","embeddable":true,"href":"https:\/\/ortopediagorgo.com.ar\/index.php?rest_route=%2Fwp%2Fv2%2Fproduct_brand&post=4059"},{"taxonomy":"product_cat","embeddable":true,"href":"https:\/\/ortopediagorgo.com.ar\/index.php?rest_route=%2Fwp%2Fv2%2Fproduct_cat&post=4059"},{"taxonomy":"product_tag","embeddable":true,"href":"https:\/\/ortopediagorgo.com.ar\/index.php?rest_route=%2Fwp%2Fv2%2Fproduct_tag&post=4059"}],"curies":[{"name":"wp","href":"https:\/\/api.w.org\/{rel}","templated":true}]}}