{"id":4063,"date":"2026-04-13T14:20:59","date_gmt":"2026-04-13T17:20:59","guid":{"rendered":"https:\/\/ortopediagorgo.com.ar\/?post_type=product&#038;p=4063"},"modified":"2026-04-13T14:20:59","modified_gmt":"2026-04-13T17:20:59","slug":"baston-cuadruple-plegable-reforzado-136-kg","status":"publish","type":"product","link":"https:\/\/ortopediagorgo.com.ar\/?product=baston-cuadruple-plegable-reforzado-136-kg","title":{"rendered":"Bast\u00f3n cu\u00e1druple Plegable reforzado 136 Kg"},"content":{"rendered":"<p>Fabricado en aluminio, este bast\u00f3n es ligero pero resistente, capaz de soportar hasta 136 kg de peso. Su estructura plegable facilita su transporte y almacenamiento, lo que lo convierte en un accesorio ideal para llevar a todas partes. Adem\u00e1s, su caracter\u00edstica extensible permite ajustarlo hasta un largo m\u00e1ximo de 99 cm, adapt\u00e1ndose a las necesidades de cada usuario.<\/p>\n","protected":false},"excerpt":{"rendered":"<p>Soporta hasta 136 kg<br \/>\nFabricado en aluminio resistente y liviano<br \/>\nAltura regulable 79 a 97cm<br \/>\nMango de goma<br \/>\nCuatro regatones de PVC negros antideslizantes<\/p>\n","protected":false},"featured_media":4064,"comment_status":"open","ping_status":"closed","template":"","meta":{"_monsterinsights_skip_tracking":false,"_monsterinsights_sitenote_active":false,"_monsterinsights_sitenote_note":"","_monsterinsights_sitenote_category":0},"product_brand":[],"product_cat":[34],"product_tag":[],"class_list":{"0":"post-4063","1":"product","2":"type-product","3":"status-publish","4":"has-post-thumbnail","6":"product_cat-andadores","8":"first","9":"instock","10":"shipping-taxable","11":"product-type-simple"},"_links":{"self":[{"href":"https:\/\/ortopediagorgo.com.ar\/index.php?rest_route=\/wp\/v2\/product\/4063","targetHints":{"allow":["GET"]}}],"collection":[{"href":"https:\/\/ortopediagorgo.com.ar\/index.php?rest_route=\/wp\/v2\/product"}],"about":[{"href":"https:\/\/ortopediagorgo.com.ar\/index.php?rest_route=\/wp\/v2\/types\/product"}],"replies":[{"embeddable":true,"href":"https:\/\/ortopediagorgo.com.ar\/index.php?rest_route=%2Fwp%2Fv2%2Fcomments&post=4063"}],"version-history":[{"count":1,"href":"https:\/\/ortopediagorgo.com.ar\/index.php?rest_route=\/wp\/v2\/product\/4063\/revisions"}],"predecessor-version":[{"id":4066,"href":"https:\/\/ortopediagorgo.com.ar\/index.php?rest_route=\/wp\/v2\/product\/4063\/revisions\/4066"}],"wp:featuredmedia":[{"embeddable":true,"href":"https:\/\/ortopediagorgo.com.ar\/index.php?rest_route=\/wp\/v2\/media\/4064"}],"wp:attachment":[{"href":"https:\/\/ortopediagorgo.com.ar\/index.php?rest_route=%2Fwp%2Fv2%2Fmedia&parent=4063"}],"wp:term":[{"taxonomy":"product_brand","embeddable":true,"href":"https:\/\/ortopediagorgo.com.ar\/index.php?rest_route=%2Fwp%2Fv2%2Fproduct_brand&post=4063"},{"taxonomy":"product_cat","embeddable":true,"href":"https:\/\/ortopediagorgo.com.ar\/index.php?rest_route=%2Fwp%2Fv2%2Fproduct_cat&post=4063"},{"taxonomy":"product_tag","embeddable":true,"href":"https:\/\/ortopediagorgo.com.ar\/index.php?rest_route=%2Fwp%2Fv2%2Fproduct_tag&post=4063"}],"curies":[{"name":"wp","href":"https:\/\/api.w.org\/{rel}","templated":true}]}}